{"id":57,"date":"2018-04-28T17:59:02","date_gmt":"2018-04-28T17:59:02","guid":{"rendered":"http:\/\/geoplanpt.cz\/?page_id=57"},"modified":"2024-01-26T09:44:48","modified_gmt":"2024-01-26T08:44:48","slug":"vybaveni","status":"publish","type":"page","link":"https:\/\/www.geoplan.cz\/index.php\/vybaveni\/","title":{"rendered":"Vybaven\u00ed"},"content":{"rendered":"<div>\n<p><u><b><img loading=\"lazy\" decoding=\"async\" class=\"wp-image-299 size-medium alignleft\" src=\"https:\/\/www.geoplanpt.cz\/wp-content\/uploads\/2020\/02\/system_ts16_cs20_gs18_web-300x300.jpg\" alt=\"\" width=\"300\" height=\"300\" srcset=\"https:\/\/www.geoplan.cz\/wp-content\/uploads\/2020\/02\/system_ts16_cs20_gs18_web-300x300.jpg 300w, https:\/\/www.geoplan.cz\/wp-content\/uploads\/2020\/02\/system_ts16_cs20_gs18_web-150x150.jpg 150w, https:\/\/www.geoplan.cz\/wp-content\/uploads\/2020\/02\/system_ts16_cs20_gs18_web.jpg 600w\" sizes=\"auto, (max-width: 300px) 100vw, 300px\" \/>Geodetick\u00e9 p\u0159\u00edstroje:<\/b><\/u><\/p>\n<p>Pou\u017e\u00edv\u00e1me spolehliv\u00e9 p\u0159\u00edstroje od \u0161v\u00fdcarsk\u00e9 firmy LEICA,\u00a0 kter\u00e1 pat\u0159\u00ed ke \u0161pi\u010dce v oboru<\/p>\n<ul>\n<li>LEICA TS16 + AP20 &#8211; robotick\u00e1 tot\u00e1ln\u00ed stanice, \u00fahlov\u00e1 p\u0159esnost 3&#8243;, p\u0159esnost m\u011b\u0159en\u00ed d\u00e9lek 1mm+1.5mm\/1km, dosah na 1 hranol 3500m, bezhranolov\u00e9 m\u011b\u0159en\u00ed do 500m, Autolock<\/li>\n<li>LEICA GS18T &#8211; GPS, Galileo, Glonass, BeiDou rover pro m\u011b\u0159en\u00ed technologi\u00ed GNSS v s\u00edti pevn\u00fdch referen\u010dn\u00edch stanic SMARTNET, CZEPOS, VRS NOW<\/li>\n<li>TRIMBLE R8 &#8211; GPS, Glonass rover pro m\u011b\u0159en\u00ed technologi\u00ed GNSS v s\u00edti pevn\u00fdch referen\u010dn\u00edch stanic CZEPOS, VRS NOW<\/li>\n<\/ul>\n<p><b><u>Automobily:<\/u><\/b><\/p>\n<ul>\n<li>Subaru Forester 4&#215;4<\/li>\n<li>\u0160koda Roomster<\/li>\n<\/ul>\n<p><b><u>Kancel\u00e1\u0159sk\u00e1 technika:<\/u><\/b><\/p>\n<ul>\n<li>s\u00ed\u0165 po\u010d\u00edta\u010d\u016f,\u00a0scaner, digitiz\u00e9r<\/li>\n<li>tisk\u00e1rna Xerox DocuCentre SC2020 color laser (A3)<\/li>\n<li>tisk\u00e1rna a scaner Brother MFC-J6910 (A3)<\/li>\n<li>plotter HP DesignJet T630 (A1)<\/li>\n<\/ul>\n<p><b><u>Software<\/u><\/b><\/p>\n<ul>\n<li>GEUS, GEOMETR, GEUSNet&#8230;<\/li>\n<li>MS Windows<\/li>\n<li>Microstation<\/li>\n<li>MS Office<\/li>\n<\/ul>\n<\/div>\n","protected":false},"excerpt":{"rendered":"<p>Geodetick\u00e9 p\u0159\u00edstroje: Pou\u017e\u00edv\u00e1me spolehliv\u00e9 p\u0159\u00edstroje od \u0161v\u00fdcarsk\u00e9 firmy LEICA,\u00a0 kter\u00e1 pat\u0159\u00ed ke \u0161pi\u010dce v oboru LEICA TS16 + AP20 &#8211; robotick\u00e1 tot\u00e1ln\u00ed stanice, \u00fahlov\u00e1 p\u0159esnost 3&#8243;, p\u0159esnost m\u011b\u0159en\u00ed d\u00e9lek 1mm+1.5mm\/1km, dosah na 1 hranol 3500m, bezhranolov\u00e9 m\u011b\u0159en\u00ed do 500m, Autolock LEICA GS18T &#8211; GPS, Galileo, Glonass, BeiDou rover pro m\u011b\u0159en\u00ed technologi\u00ed GNSS v s\u00edti pevn\u00fdch&hellip; <br \/> <a class=\"read-more\" href=\"https:\/\/www.geoplan.cz\/index.php\/vybaveni\/\">V\u00edce<\/a><\/p>\n","protected":false},"author":1,"featured_media":229,"parent":0,"menu_order":0,"comment_status":"closed","ping_status":"closed","template":"","meta":{"_monsterinsights_skip_tracking":false,"_monsterinsights_sitenote_active":false,"_monsterinsights_sitenote_note":"","_monsterinsights_sitenote_category":0,"footnotes":""},"class_list":["post-57","page","type-page","status-publish","has-post-thumbnail","hentry"],"_links":{"self":[{"href":"https:\/\/www.geoplan.cz\/index.php\/wp-json\/wp\/v2\/pages\/57","targetHints":{"allow":["GET"]}}],"collection":[{"href":"https:\/\/www.geoplan.cz\/index.php\/wp-json\/wp\/v2\/pages"}],"about":[{"href":"https:\/\/www.geoplan.cz\/index.php\/wp-json\/wp\/v2\/types\/page"}],"author":[{"embeddable":true,"href":"https:\/\/www.geoplan.cz\/index.php\/wp-json\/wp\/v2\/users\/1"}],"replies":[{"embeddable":true,"href":"https:\/\/www.geoplan.cz\/index.php\/wp-json\/wp\/v2\/comments?post=57"}],"version-history":[{"count":9,"href":"https:\/\/www.geoplan.cz\/index.php\/wp-json\/wp\/v2\/pages\/57\/revisions"}],"predecessor-version":[{"id":411,"href":"https:\/\/www.geoplan.cz\/index.php\/wp-json\/wp\/v2\/pages\/57\/revisions\/411"}],"wp:featuredmedia":[{"embeddable":true,"href":"https:\/\/www.geoplan.cz\/index.php\/wp-json\/wp\/v2\/media\/229"}],"wp:attachment":[{"href":"https:\/\/www.geoplan.cz\/index.php\/wp-json\/wp\/v2\/media?parent=57"}],"curies":[{"name":"wp","href":"https:\/\/api.w.org\/{rel}","templated":true}]}}