{"id":60,"date":"2018-04-28T18:01:13","date_gmt":"2018-04-28T18:01:13","guid":{"rendered":"http:\/\/geoplanpt.cz\/?page_id=60"},"modified":"2024-01-26T09:59:40","modified_gmt":"2024-01-26T08:59:40","slug":"o-nas","status":"publish","type":"page","link":"https:\/\/www.geoplan.cz\/index.php\/o-nas\/","title":{"rendered":"O n\u00e1s"},"content":{"rendered":"<div>\n<div class=\"box wysiwyg\">\n<div class=\"content wsw\">\n<h1>Informace o firm\u011b<\/h1>\n<p>Firma GEOPLAN Prachatice, s.r.o. vznikla v roce 1997 transformac\u00ed ze sdru\u017een\u00ed podnikatel\u016f GEOPLAN kter\u00e9 vzniklo v roce 1995.<\/p>\n<p>P\u016fsob\u00edme p\u0159edev\u0161\u00edm v okrese Prachatice kde jsme jedn\u00edm z hlavn\u00edch dodavatel\u016f zam\u011b\u0159ov\u00e1n\u00ed\u00a0pro katastr nemovitost\u00ed i skute\u010dn\u00e9ho proveden\u00ed staveb a in\u017een\u00fdrsk\u00fdch s\u00edt\u00ed.<\/p>\n<p><em>V\u0161ichni spoluvlastn\u00edci jsou absolventy stavebn\u00ed fakulty \u010cVUT Praha &#8211; obor geod\u00e9zie a maj\u00ed autorizaci &#8222;Autorizovan\u00fd zem\u011bm\u011b\u0159ick\u00fd in\u017een\u00fdr a, c&#8220; dle z\u00e1kona 200\/1994Sb. a jsou \u010dleny \u010cesk\u00e9 komory zem\u011bm\u011b\u0159i\u010d\u016f.<br \/>\n<\/em><\/p>\n<\/div>\n<\/div>\n<div class=\"box products\">\n<div class=\"content list\">\n<h2><\/h2>\n<h2>N\u00e1\u0161 t\u00fdm<\/h2>\n<div class=\"item product withoutImage\">\n<h3 class=\"title\">Ing. Jan Hou\u0161ka<\/h3>\n<div class=\"wsw\">\n<p><b>jednatel firmy, informa\u010dn\u00ed syst\u00e9m MISYS<br \/>\n<em>autorizovan\u00fd zem\u011bm\u011b\u0159ick\u00fd in\u017een\u00fdr a, c<\/em><br \/>\n<\/b><\/p>\n<p><b>Email:<\/b> <a href=\"mailto:jan.houska@geoplanpt.cz\" target=\"_self\" rel=\"noopener noreferrer\">jan.houska@geoplanpt.cz<\/a><\/p>\n<\/div>\n<\/div>\n<div class=\"item product withoutImage\">\n<h3><\/h3>\n<h3 class=\"title\">Ing. Petr Neu\u017eil<\/h3>\n<div class=\"wsw\">\n<p><b>jednatel firmy, geodetick\u00e9 pr\u00e1ce<br \/>\n<em>autorizovan\u00fd zem\u011bm\u011b\u0159ick\u00fd in\u017een\u00fdr a, c<\/em><br \/>\n<\/b><\/p>\n<p><b>Email:<\/b> <a href=\"mailto:petr.neuzil@geoplanpt.cz\" target=\"_self\" rel=\"noopener noreferrer\">petr.neuzil@geoplanpt.cz<\/a><\/p>\n<\/div>\n<\/div>\n<div class=\"item product withoutImage\">\n<h3><\/h3>\n<h3 class=\"title\">Ing. Kate\u0159ina Neu\u017eilov\u00e1<\/h3>\n<div class=\"wsw\">\n<p><b>jednatelka firmy, geodetick\u00e9 pr\u00e1ce<br \/>\n<em>autorizovan\u00fd zem\u011bm\u011b\u0159ick\u00fd in\u017een\u00fdr a, c<\/em><br \/>\n<\/b><\/p>\n<p><b>Email:<\/b> <a href=\"mailto:katerina.neuzilova@geoplanpt.cz\" target=\"_self\" rel=\"noopener noreferrer\">katerina.neuzilova@geoplanpt.cz<\/a><\/p>\n<\/div>\n<\/div>\n<div class=\"item product withoutImage\">\n<h3><\/h3>\n<h3 class=\"title\">Ing. Ladislav Kraus<\/h3>\n<div class=\"wsw\">\n<p><b>geodetick\u00e9 pr\u00e1ce<br \/>\n<em>autorizovan\u00fd zem\u011bm\u011b\u0159ick\u00fd in\u017een\u00fdr a, c<\/em><br \/>\n<\/b><\/p>\n<p><b>Email:<\/b> <a href=\"mailto:ladislav.kraus@geoplanpt.cz\" target=\"_self\" rel=\"noopener noreferrer\">ladislav.kraus@geoplanpt.cz<\/a><\/p>\n<\/div>\n<div class=\"item product withoutImage\">\n<h3><\/h3>\n<h3 class=\"title\">Jan Rod<\/h3>\n<div class=\"wsw\">\n<p><b>geodetick\u00e9 pr\u00e1ce<br \/>\n<\/b><\/p>\n<p><b>Telefon:<\/b> 388 319 890<\/p>\n<p><b>Email:<\/b> <a href=\"mailto:jan.rod@geoplanpt.cz\" target=\"_self\" rel=\"noopener noreferrer\">jan.rod@geoplanpt.cz<\/a><\/p>\n<\/div>\n<\/div>\n<div class=\"item product withoutImage\">\n<h3><\/h3>\n<\/div>\n<\/div>\n<\/div>\n<\/div>\n<\/div>\n","protected":false},"excerpt":{"rendered":"<p>Informace o firm\u011b Firma GEOPLAN Prachatice, s.r.o. vznikla v roce 1997 transformac\u00ed ze sdru\u017een\u00ed podnikatel\u016f GEOPLAN kter\u00e9 vzniklo v roce 1995. P\u016fsob\u00edme p\u0159edev\u0161\u00edm v okrese Prachatice kde jsme jedn\u00edm z hlavn\u00edch dodavatel\u016f zam\u011b\u0159ov\u00e1n\u00ed\u00a0pro katastr nemovitost\u00ed i skute\u010dn\u00e9ho proveden\u00ed staveb a in\u017een\u00fdrsk\u00fdch s\u00edt\u00ed. V\u0161ichni spoluvlastn\u00edci jsou absolventy stavebn\u00ed fakulty \u010cVUT Praha &#8211; obor geod\u00e9zie a maj\u00ed&hellip; <br \/> <a class=\"read-more\" href=\"https:\/\/www.geoplan.cz\/index.php\/o-nas\/\">V\u00edce<\/a><\/p>\n","protected":false},"author":1,"featured_media":0,"parent":0,"menu_order":0,"comment_status":"closed","ping_status":"closed","template":"","meta":{"_monsterinsights_skip_tracking":false,"_monsterinsights_sitenote_active":false,"_monsterinsights_sitenote_note":"","_monsterinsights_sitenote_category":0,"footnotes":""},"class_list":["post-60","page","type-page","status-publish","hentry"],"_links":{"self":[{"href":"https:\/\/www.geoplan.cz\/index.php\/wp-json\/wp\/v2\/pages\/60","targetHints":{"allow":["GET"]}}],"collection":[{"href":"https:\/\/www.geoplan.cz\/index.php\/wp-json\/wp\/v2\/pages"}],"about":[{"href":"https:\/\/www.geoplan.cz\/index.php\/wp-json\/wp\/v2\/types\/page"}],"author":[{"embeddable":true,"href":"https:\/\/www.geoplan.cz\/index.php\/wp-json\/wp\/v2\/users\/1"}],"replies":[{"embeddable":true,"href":"https:\/\/www.geoplan.cz\/index.php\/wp-json\/wp\/v2\/comments?post=60"}],"version-history":[{"count":11,"href":"https:\/\/www.geoplan.cz\/index.php\/wp-json\/wp\/v2\/pages\/60\/revisions"}],"predecessor-version":[{"id":416,"href":"https:\/\/www.geoplan.cz\/index.php\/wp-json\/wp\/v2\/pages\/60\/revisions\/416"}],"wp:attachment":[{"href":"https:\/\/www.geoplan.cz\/index.php\/wp-json\/wp\/v2\/media?parent=60"}],"curies":[{"name":"wp","href":"https:\/\/api.w.org\/{rel}","templated":true}]}}