{"id":63,"date":"2018-04-28T18:02:07","date_gmt":"2018-04-28T18:02:07","guid":{"rendered":"http:\/\/geoplanpt.cz\/?page_id=63"},"modified":"2020-03-30T14:15:08","modified_gmt":"2020-03-30T13:15:08","slug":"kontakt","status":"publish","type":"page","link":"https:\/\/www.geoplan.cz\/index.php\/kontakt\/","title":{"rendered":"Kontakt"},"content":{"rendered":"<div>\n<div class=\"box wysiwyg\">\n<div class=\"content wsw\">\n<p><b>GEOPLAN Prachatice, s.r.o.<\/b><br \/>\nDru\u017estevn\u00ed 92<br \/>\n383 01 Prachatice<\/p>\n<p>Otev\u00edrac\u00ed doba: Po-P\u00e1 7.30 &#8211; 16.00<\/p>\n<p>tel.: 388 319 890<br \/>\n<a href=\"mailto:geo@geoplanpt.cz\" target=\"_self\" rel=\"noopener noreferrer\">geo@geoplanpt.cz<\/a><\/p>\n<p>I\u010cO: 25163876, DI\u010c: CZ25163876, Spisov\u00e1 zna\u010dka: C 7037 veden\u00e1 u Krajsk\u00e9ho soudu v \u010cesk\u00fdch Bud\u011bjovic\u00edch<\/p>\n<p>S\u00eddl\u00edme v bl\u00edzkosti centra Prachatic v Dru\u017estevn\u00ed ulici\u00a0\u010d.p. 92. Na\u0161e kancel\u00e1\u0159e jsou um\u00edst\u011bny ve sv\u011btle zelen\u00e9 budov\u011b spole\u010dn\u011b s MONETA BANK v 1.pat\u0159e.<\/p>\n<p>Pokud p\u0159ijedete autem m\u016f\u017eete zaparkovat bu\u010f p\u0159\u00edmo v Dru\u017estevn\u00ed ulici (jednosm\u011brn\u00e1 sm\u011brem od n\u00e1m\u011bst\u00ed) nebo na parkovi\u0161ti na k\u0159i\u017eovatce ulic Sl\u00e1mova a Pod Hradbami, p\u0159\u00edpadn\u011b na placen\u00e9m parkovi\u0161ti v Zahradn\u00ed ulici.<\/p>\n<p>Najdete n\u00e1s podle naviga\u010dn\u00edch \u0161ipek k bance MONETA kter\u00e9 jsou ze v\u0161ech p\u0159\u00edjezdov\u00fdch sm\u011br\u016f.<\/p>\n<p><a href=\"http:\/\/www.mapy.cz\/#x=132063318@y=132138030@z=15@mm=ZRTrP@sa=s@st=s@ssq=geoplan%20prachatice@sss=1@ssp=120640421_124290945_150459301_149899137\" target=\"_blank\" rel=\"nofollow noopener noreferrer\">mapa<\/a><\/p>\n<\/div>\n<\/div>\n<div class=\"rbcWidgetArea\"><iframe loading=\"lazy\" src=\"https:\/\/www.google.com\/maps\/embed?pb=!1m18!1m12!1m3!1d1988!2d0!3d0!2m3!1f0!2f0!3f0!3m2!1i1024!2i768!4f13.1!3m3!1m2!1s0x0%3A0x0!2sDru%C5%BEstevn%C3%AD+92%2C+38301+Prachatice!5e0!3m2!1scz!2sCZ!4v1524938476000\" width=\"450\" height=\"450\" frameborder=\"0\" data-mce-fragment=\"1\"><\/iframe><\/div>\n<div class=\"rbcWidgetArea\"><iframe loading=\"lazy\" src=\"https:\/\/www.google.com\/maps\/embed?pb=!1m0!3m2!1scs!2s!4v1429734397363!6m8!1m7!1sndZb8rdAh2L7WokYzSsbfg!2m2!1d49.012426!2d14.001189!3f97.54074417566365!4f-5.77964330562385!5f0.7820865974627469\" width=\"600\" height=\"450\" frameborder=\"0\" data-mce-fragment=\"1\"><\/iframe><\/div>\n<\/div>\n","protected":false},"excerpt":{"rendered":"<p>GEOPLAN Prachatice, s.r.o. Dru\u017estevn\u00ed 92 383 01 Prachatice Otev\u00edrac\u00ed doba: Po-P\u00e1 7.30 &#8211; 16.00 tel.: 388 319 890 geo@geoplanpt.cz I\u010cO: 25163876, DI\u010c: CZ25163876, Spisov\u00e1 zna\u010dka: C 7037 veden\u00e1 u Krajsk\u00e9ho soudu v \u010cesk\u00fdch Bud\u011bjovic\u00edch S\u00eddl\u00edme v bl\u00edzkosti centra Prachatic v Dru\u017estevn\u00ed ulici\u00a0\u010d.p. 92. Na\u0161e kancel\u00e1\u0159e jsou um\u00edst\u011bny ve sv\u011btle zelen\u00e9 budov\u011b spole\u010dn\u011b s MONETA BANK&hellip; <br \/> <a class=\"read-more\" href=\"https:\/\/www.geoplan.cz\/index.php\/kontakt\/\">V\u00edce<\/a><\/p>\n","protected":false},"author":1,"featured_media":0,"parent":0,"menu_order":0,"comment_status":"closed","ping_status":"closed","template":"","meta":{"_monsterinsights_skip_tracking":false,"_monsterinsights_sitenote_active":false,"_monsterinsights_sitenote_note":"","_monsterinsights_sitenote_category":0,"footnotes":""},"class_list":["post-63","page","type-page","status-publish","hentry"],"_links":{"self":[{"href":"https:\/\/www.geoplan.cz\/index.php\/wp-json\/wp\/v2\/pages\/63","targetHints":{"allow":["GET"]}}],"collection":[{"href":"https:\/\/www.geoplan.cz\/index.php\/wp-json\/wp\/v2\/pages"}],"about":[{"href":"https:\/\/www.geoplan.cz\/index.php\/wp-json\/wp\/v2\/types\/page"}],"author":[{"embeddable":true,"href":"https:\/\/www.geoplan.cz\/index.php\/wp-json\/wp\/v2\/users\/1"}],"replies":[{"embeddable":true,"href":"https:\/\/www.geoplan.cz\/index.php\/wp-json\/wp\/v2\/comments?post=63"}],"version-history":[{"count":5,"href":"https:\/\/www.geoplan.cz\/index.php\/wp-json\/wp\/v2\/pages\/63\/revisions"}],"predecessor-version":[{"id":313,"href":"https:\/\/www.geoplan.cz\/index.php\/wp-json\/wp\/v2\/pages\/63\/revisions\/313"}],"wp:attachment":[{"href":"https:\/\/www.geoplan.cz\/index.php\/wp-json\/wp\/v2\/media?parent=63"}],"curies":[{"name":"wp","href":"https:\/\/api.w.org\/{rel}","templated":true}]}}