{"id":66,"date":"2018-04-28T18:04:49","date_gmt":"2018-04-28T18:04:49","guid":{"rendered":"http:\/\/geoplanpt.cz\/?page_id=66"},"modified":"2024-01-26T11:09:13","modified_gmt":"2024-01-26T10:09:13","slug":"odkazy","status":"publish","type":"page","link":"https:\/\/www.geoplan.cz\/index.php\/mesmerize\/odkazy\/","title":{"rendered":"Odkazy"},"content":{"rendered":"<div style=\"width: 279px\" class=\"wp-caption alignleft\"><a href=\"http:\/\/www.cuzk.cz\/\" target=\"_blank\" rel=\"noopener\"><img loading=\"lazy\" decoding=\"async\" class=\"\" src=\"http:\/\/www.cuzk.cz\/app_themes\/cuzk\/images\/design\/logo.gif\" alt=\"\" width=\"269\" height=\"95\" \/><\/a><p class=\"wp-caption-text\">\u010cesk\u00fd \u00fa\u0159ad zem\u011bm\u011b\u0159ick\u00fd a katastr\u00e1ln\u00ed<\/p><\/div>\n<div id=\"attachment_419\" style=\"width: 310px\" class=\"wp-caption alignleft\"><a href=\"https:\/\/www.ckz.cz\" target=\"_blank\" rel=\"noopener\"><img loading=\"lazy\" decoding=\"async\" aria-describedby=\"caption-attachment-419\" class=\"wp-image-419 size-medium\" src=\"https:\/\/www.geoplanpt.cz\/wp-content\/uploads\/2024\/01\/CKZ-300x153.jpg\" alt=\"\" width=\"300\" height=\"153\" srcset=\"https:\/\/www.geoplan.cz\/wp-content\/uploads\/2024\/01\/CKZ-300x153.jpg 300w, https:\/\/www.geoplan.cz\/wp-content\/uploads\/2024\/01\/CKZ.jpg 600w\" sizes=\"auto, (max-width: 300px) 100vw, 300px\" \/><\/a><p id=\"caption-attachment-419\" class=\"wp-caption-text\">\u010cesk\u00e1 komora zem\u011bm\u011b\u0159i\u010d\u016f<\/p><\/div>\n<div id=\"attachment_426\" style=\"width: 290px\" class=\"wp-caption alignleft\"><a href=\"https:\/\/www.geus.cz\"><img loading=\"lazy\" decoding=\"async\" aria-describedby=\"caption-attachment-426\" class=\"size-full wp-image-426\" src=\"https:\/\/www.geoplanpt.cz\/wp-content\/uploads\/2024\/01\/Geus.gif\" alt=\"\" width=\"280\" height=\"137\" \/><\/a><p id=\"caption-attachment-426\" class=\"wp-caption-text\">Geodetick\u00fd software<\/p><\/div>\n<h3><a href=\"https:\/\/www.cuzk.cz\/Urady\/Katastralni-urady\/Katastralni-urady\/Katastralni-urad-pro-Jihocesky-kraj\/Katastralni-pracoviste\/KP-Prachatice\/Katastralni-pracoviste-Prachatice.aspx\" target=\"_blank\" rel=\"noopener\">KATASTR\u00c1LN\u00cd \u00da\u0158AD\u00a0v Prachatic\u00edch<\/a><\/h3>\n<div id=\"attachment_190\" style=\"width: 160px\" class=\"wp-caption alignleft\"><a href=\"https:\/\/www.zememeric.cz\/\" target=\"_blank\" rel=\"noopener\"><img loading=\"lazy\" decoding=\"async\" aria-describedby=\"caption-attachment-190\" class=\"wp-image-190 size-full\" src=\"https:\/\/www.geoplanpt.cz\/wp-content\/uploads\/2018\/05\/zem_web.gif\" alt=\"\" width=\"150\" height=\"37\" \/><\/a><p id=\"caption-attachment-190\" class=\"wp-caption-text\">\u010casopis Zem\u011bm\u011b\u0159i\u010d<\/p><\/div>\n","protected":false},"excerpt":{"rendered":"<p>KATASTR\u00c1LN\u00cd \u00da\u0158AD\u00a0v Prachatic\u00edch<\/p>\n","protected":false},"author":1,"featured_media":0,"parent":11,"menu_order":0,"comment_status":"closed","ping_status":"closed","template":"","meta":{"_monsterinsights_skip_tracking":false,"_monsterinsights_sitenote_active":false,"_monsterinsights_sitenote_note":"","_monsterinsights_sitenote_category":0,"footnotes":""},"class_list":["post-66","page","type-page","status-publish","hentry"],"_links":{"self":[{"href":"https:\/\/www.geoplan.cz\/index.php\/wp-json\/wp\/v2\/pages\/66","targetHints":{"allow":["GET"]}}],"collection":[{"href":"https:\/\/www.geoplan.cz\/index.php\/wp-json\/wp\/v2\/pages"}],"about":[{"href":"https:\/\/www.geoplan.cz\/index.php\/wp-json\/wp\/v2\/types\/page"}],"author":[{"embeddable":true,"href":"https:\/\/www.geoplan.cz\/index.php\/wp-json\/wp\/v2\/users\/1"}],"replies":[{"embeddable":true,"href":"https:\/\/www.geoplan.cz\/index.php\/wp-json\/wp\/v2\/comments?post=66"}],"version-history":[{"count":11,"href":"https:\/\/www.geoplan.cz\/index.php\/wp-json\/wp\/v2\/pages\/66\/revisions"}],"predecessor-version":[{"id":433,"href":"https:\/\/www.geoplan.cz\/index.php\/wp-json\/wp\/v2\/pages\/66\/revisions\/433"}],"up":[{"embeddable":true,"href":"https:\/\/www.geoplan.cz\/index.php\/wp-json\/wp\/v2\/pages\/11"}],"wp:attachment":[{"href":"https:\/\/www.geoplan.cz\/index.php\/wp-json\/wp\/v2\/media?parent=66"}],"curies":[{"name":"wp","href":"https:\/\/api.w.org\/{rel}","templated":true}]}}